{"id":261021,"date":"2024-01-19T11:47:37","date_gmt":"2024-01-19T10:47:37","guid":{"rendered":"https:\/\/eshop.amenity.cz\/wie-loese-ich-einen-gutschein-ein-um-meinen-aufenthalt-zu-buchen\/"},"modified":"2025-03-31T11:02:58","modified_gmt":"2025-03-31T09:02:58","slug":"wie-loese-ich-einen-gutschein-ein-um-meinen-aufenthalt-zu-buchen","status":"publish","type":"page","link":"https:\/\/eshop.amenity.cz\/de\/wie-loese-ich-einen-gutschein-ein-um-meinen-aufenthalt-zu-buchen\/","title":{"rendered":"Wie l\u00f6se ich einen Gutschein ein, um meinen Aufenthalt zu buchen?"},"content":{"rendered":"<p>Regeln f\u00fcr die Einl\u00f6sung von Gutscheinen<\/p>\n<p>1\/ 1\/ W\u00e4hlen Sie den Urlaubsort und das Aufenthaltsdatum im <a href=\"https:\/\/www.secure-hotel-booking.com\/Amenity-Resorts-s-r-o-\/J7CB\/de-DE\">Buchungssystem<\/a> &#8211; nur der Tarif &#8220;Zahlung per \u00dcberweisung&#8221; kann zur Einl\u00f6sung des Gutscheins verwendet werden<\/p>\n<p>2\/ im letzten Schritt der Buchung (Ausf\u00fcllen der Kontaktdaten) geben Sie im Feld &#8220;Besondere W\u00fcnsche&#8221; an, dass Sie einen bereits gekauften Gutschein einl\u00f6sen m\u00f6chten und geben Sie die Nummer des gekauften Gutscheins an<\/p>\n<p><img loading=\"lazy\" decoding=\"async\" class=\"alignnone size-medium wp-image-263930\" src=\"http:\/\/eshop.amenity.cz\/wp-content\/uploads\/sites\/11\/2025\/03\/gutchein-300x175.jpg\" alt=\"\" width=\"300\" height=\"175\" \/><\/p>\n<p>3\/ Die Rezeption schickt Ihnen eine Zahlungsaufforderung auf der Grundlage dieser Informationen, abz\u00fcglich des Gutscheinwertes<\/p>\n<p>4\/ zahlen<\/p>\n<p>5\/ einen unbeschwerten Aufenthalt genie\u00dfen<\/p>\n","protected":false},"excerpt":{"rendered":"<p>Regeln f\u00fcr die Einl\u00f6sung von Gutscheinen 1\/ 1\/ W\u00e4hlen Sie den Urlaubsort und das Aufenthaltsdatum im Buchungssystem &#8211; nur der Tarif &#8220;Zahlung per \u00dcberweisung&#8221; kann zur Einl\u00f6sung des Gutscheins verwendet<\/p>\n","protected":false},"author":3,"featured_media":0,"parent":0,"menu_order":0,"comment_status":"closed","ping_status":"closed","template":"","meta":{"_et_pb_use_builder":"on","_et_pb_old_content":"","_et_gb_content_width":"","footnotes":""},"class_list":["post-261021","page","type-page","status-publish","hentry"],"yoast_head":"<!-- This site is optimized with the Yoast SEO Premium plugin v27.3 (Yoast SEO v27.3) - https:\/\/yoast.com\/product\/yoast-seo-premium-wordpress\/ -->\n<title>Wie l\u00f6se ich einen Gutschein ein, um meinen Aufenthalt zu buchen? - E-shop Amenity Resorts s.r.o.<\/title>\n<meta name=\"description\" content=\"Einl\u00f6sungsregeln f\u00fcr den Gutschein nach Buchung \u00fcber die Website der Amenity Resorts. Es ist ganz einfach, erfahren Sie mehr.\" \/>\n<meta name=\"robots\" content=\"index, follow, max-snippet:-1, max-image-preview:large, max-video-preview:-1\" \/>\n<link rel=\"canonical\" href=\"https:\/\/eshop.amenity.cz\/de\/wie-loese-ich-einen-gutschein-ein-um-meinen-aufenthalt-zu-buchen\/\" \/>\n<meta property=\"og:locale\" content=\"de_DE\" \/>\n<meta property=\"og:type\" content=\"article\" \/>\n<meta property=\"og:title\" content=\"Wie l\u00f6se ich einen Gutschein ein, um meinen Aufenthalt zu buchen?\" \/>\n<meta property=\"og:description\" content=\"Einl\u00f6sungsregeln f\u00fcr den Gutschein nach Buchung \u00fcber die Website der Amenity Resorts. Es ist ganz einfach, erfahren Sie mehr.\" \/>\n<meta property=\"og:url\" content=\"https:\/\/eshop.amenity.cz\/de\/wie-loese-ich-einen-gutschein-ein-um-meinen-aufenthalt-zu-buchen\/\" \/>\n<meta property=\"og:site_name\" content=\"E-shop Amenity Resorts s.r.o.\" \/>\n<meta property=\"article:modified_time\" content=\"2025-03-31T09:02:58+00:00\" \/>\n<meta property=\"og:image\" content=\"http:\/\/eshop.amenity.cz\/wp-content\/uploads\/sites\/11\/2025\/03\/gutchein-300x175.jpg\" \/>\n<meta name=\"twitter:card\" content=\"summary_large_image\" \/>\n<meta name=\"twitter:label1\" content=\"Gesch\u00e4tzte Lesezeit\" \/>\n\t<meta name=\"twitter:data1\" content=\"1\u00a0Minute\" \/>\n<script type=\"application\/ld+json\" class=\"yoast-schema-graph\">{\"@context\":\"https:\\\/\\\/schema.org\",\"@graph\":[{\"@type\":\"WebPage\",\"@id\":\"https:\\\/\\\/eshop.amenity.cz\\\/de\\\/wie-loese-ich-einen-gutschein-ein-um-meinen-aufenthalt-zu-buchen\\\/\",\"url\":\"https:\\\/\\\/eshop.amenity.cz\\\/de\\\/wie-loese-ich-einen-gutschein-ein-um-meinen-aufenthalt-zu-buchen\\\/\",\"name\":\"Wie l\u00f6se ich einen Gutschein ein, um meinen Aufenthalt zu buchen? - E-shop Amenity Resorts s.r.o.\",\"isPartOf\":{\"@id\":\"https:\\\/\\\/eshop.amenity.cz\\\/de\\\/#website\"},\"primaryImageOfPage\":{\"@id\":\"https:\\\/\\\/eshop.amenity.cz\\\/de\\\/wie-loese-ich-einen-gutschein-ein-um-meinen-aufenthalt-zu-buchen\\\/#primaryimage\"},\"image\":{\"@id\":\"https:\\\/\\\/eshop.amenity.cz\\\/de\\\/wie-loese-ich-einen-gutschein-ein-um-meinen-aufenthalt-zu-buchen\\\/#primaryimage\"},\"thumbnailUrl\":\"http:\\\/\\\/eshop.amenity.cz\\\/wp-content\\\/uploads\\\/sites\\\/11\\\/2025\\\/03\\\/gutchein-300x175.jpg\",\"datePublished\":\"2024-01-19T10:47:37+00:00\",\"dateModified\":\"2025-03-31T09:02:58+00:00\",\"description\":\"Einl\u00f6sungsregeln f\u00fcr den Gutschein nach Buchung \u00fcber die Website der Amenity Resorts. Es ist ganz einfach, erfahren Sie mehr.\",\"breadcrumb\":{\"@id\":\"https:\\\/\\\/eshop.amenity.cz\\\/de\\\/wie-loese-ich-einen-gutschein-ein-um-meinen-aufenthalt-zu-buchen\\\/#breadcrumb\"},\"inLanguage\":\"de\",\"potentialAction\":[{\"@type\":\"ReadAction\",\"target\":[\"https:\\\/\\\/eshop.amenity.cz\\\/de\\\/wie-loese-ich-einen-gutschein-ein-um-meinen-aufenthalt-zu-buchen\\\/\"]}]},{\"@type\":\"ImageObject\",\"inLanguage\":\"de\",\"@id\":\"https:\\\/\\\/eshop.amenity.cz\\\/de\\\/wie-loese-ich-einen-gutschein-ein-um-meinen-aufenthalt-zu-buchen\\\/#primaryimage\",\"url\":\"http:\\\/\\\/eshop.amenity.cz\\\/wp-content\\\/uploads\\\/sites\\\/11\\\/2025\\\/03\\\/gutchein-300x175.jpg\",\"contentUrl\":\"http:\\\/\\\/eshop.amenity.cz\\\/wp-content\\\/uploads\\\/sites\\\/11\\\/2025\\\/03\\\/gutchein-300x175.jpg\"},{\"@type\":\"BreadcrumbList\",\"@id\":\"https:\\\/\\\/eshop.amenity.cz\\\/de\\\/wie-loese-ich-einen-gutschein-ein-um-meinen-aufenthalt-zu-buchen\\\/#breadcrumb\",\"itemListElement\":[{\"@type\":\"ListItem\",\"position\":1,\"name\":\"Dom\u016f\",\"item\":\"https:\\\/\\\/eshop.amenity.cz\\\/de\\\/\"},{\"@type\":\"ListItem\",\"position\":2,\"name\":\"Wie l\u00f6se ich einen Gutschein ein, um meinen Aufenthalt zu buchen?\"}]},{\"@type\":\"WebSite\",\"@id\":\"https:\\\/\\\/eshop.amenity.cz\\\/de\\\/#website\",\"url\":\"https:\\\/\\\/eshop.amenity.cz\\\/de\\\/\",\"name\":\"E-shop Amenity Resorts s.r.o.\",\"description\":\"Ofici\u00e1ln\u00ed e-shop Amenity Resorts s.r.o.\",\"potentialAction\":[{\"@type\":\"SearchAction\",\"target\":{\"@type\":\"EntryPoint\",\"urlTemplate\":\"https:\\\/\\\/eshop.amenity.cz\\\/de\\\/?s={search_term_string}\"},\"query-input\":{\"@type\":\"PropertyValueSpecification\",\"valueRequired\":true,\"valueName\":\"search_term_string\"}}],\"inLanguage\":\"de\"}]}<\/script>\n<!-- \/ Yoast SEO Premium plugin. -->","yoast_head_json":{"title":"Wie l\u00f6se ich einen Gutschein ein, um meinen Aufenthalt zu buchen? - E-shop Amenity Resorts s.r.o.","description":"Einl\u00f6sungsregeln f\u00fcr den Gutschein nach Buchung \u00fcber die Website der Amenity Resorts. Es ist ganz einfach, erfahren Sie mehr.","robots":{"index":"index","follow":"follow","max-snippet":"max-snippet:-1","max-image-preview":"max-image-preview:large","max-video-preview":"max-video-preview:-1"},"canonical":"https:\/\/eshop.amenity.cz\/de\/wie-loese-ich-einen-gutschein-ein-um-meinen-aufenthalt-zu-buchen\/","og_locale":"de_DE","og_type":"article","og_title":"Wie l\u00f6se ich einen Gutschein ein, um meinen Aufenthalt zu buchen?","og_description":"Einl\u00f6sungsregeln f\u00fcr den Gutschein nach Buchung \u00fcber die Website der Amenity Resorts. Es ist ganz einfach, erfahren Sie mehr.","og_url":"https:\/\/eshop.amenity.cz\/de\/wie-loese-ich-einen-gutschein-ein-um-meinen-aufenthalt-zu-buchen\/","og_site_name":"E-shop Amenity Resorts s.r.o.","article_modified_time":"2025-03-31T09:02:58+00:00","og_image":[{"url":"http:\/\/eshop.amenity.cz\/wp-content\/uploads\/sites\/11\/2025\/03\/gutchein-300x175.jpg","type":"","width":"","height":""}],"twitter_card":"summary_large_image","twitter_misc":{"Gesch\u00e4tzte Lesezeit":"1\u00a0Minute"},"schema":{"@context":"https:\/\/schema.org","@graph":[{"@type":"WebPage","@id":"https:\/\/eshop.amenity.cz\/de\/wie-loese-ich-einen-gutschein-ein-um-meinen-aufenthalt-zu-buchen\/","url":"https:\/\/eshop.amenity.cz\/de\/wie-loese-ich-einen-gutschein-ein-um-meinen-aufenthalt-zu-buchen\/","name":"Wie l\u00f6se ich einen Gutschein ein, um meinen Aufenthalt zu buchen? - E-shop Amenity Resorts s.r.o.","isPartOf":{"@id":"https:\/\/eshop.amenity.cz\/de\/#website"},"primaryImageOfPage":{"@id":"https:\/\/eshop.amenity.cz\/de\/wie-loese-ich-einen-gutschein-ein-um-meinen-aufenthalt-zu-buchen\/#primaryimage"},"image":{"@id":"https:\/\/eshop.amenity.cz\/de\/wie-loese-ich-einen-gutschein-ein-um-meinen-aufenthalt-zu-buchen\/#primaryimage"},"thumbnailUrl":"http:\/\/eshop.amenity.cz\/wp-content\/uploads\/sites\/11\/2025\/03\/gutchein-300x175.jpg","datePublished":"2024-01-19T10:47:37+00:00","dateModified":"2025-03-31T09:02:58+00:00","description":"Einl\u00f6sungsregeln f\u00fcr den Gutschein nach Buchung \u00fcber die Website der Amenity Resorts. Es ist ganz einfach, erfahren Sie mehr.","breadcrumb":{"@id":"https:\/\/eshop.amenity.cz\/de\/wie-loese-ich-einen-gutschein-ein-um-meinen-aufenthalt-zu-buchen\/#breadcrumb"},"inLanguage":"de","potentialAction":[{"@type":"ReadAction","target":["https:\/\/eshop.amenity.cz\/de\/wie-loese-ich-einen-gutschein-ein-um-meinen-aufenthalt-zu-buchen\/"]}]},{"@type":"ImageObject","inLanguage":"de","@id":"https:\/\/eshop.amenity.cz\/de\/wie-loese-ich-einen-gutschein-ein-um-meinen-aufenthalt-zu-buchen\/#primaryimage","url":"http:\/\/eshop.amenity.cz\/wp-content\/uploads\/sites\/11\/2025\/03\/gutchein-300x175.jpg","contentUrl":"http:\/\/eshop.amenity.cz\/wp-content\/uploads\/sites\/11\/2025\/03\/gutchein-300x175.jpg"},{"@type":"BreadcrumbList","@id":"https:\/\/eshop.amenity.cz\/de\/wie-loese-ich-einen-gutschein-ein-um-meinen-aufenthalt-zu-buchen\/#breadcrumb","itemListElement":[{"@type":"ListItem","position":1,"name":"Dom\u016f","item":"https:\/\/eshop.amenity.cz\/de\/"},{"@type":"ListItem","position":2,"name":"Wie l\u00f6se ich einen Gutschein ein, um meinen Aufenthalt zu buchen?"}]},{"@type":"WebSite","@id":"https:\/\/eshop.amenity.cz\/de\/#website","url":"https:\/\/eshop.amenity.cz\/de\/","name":"E-shop Amenity Resorts s.r.o.","description":"Ofici\u00e1ln\u00ed e-shop Amenity Resorts s.r.o.","potentialAction":[{"@type":"SearchAction","target":{"@type":"EntryPoint","urlTemplate":"https:\/\/eshop.amenity.cz\/de\/?s={search_term_string}"},"query-input":{"@type":"PropertyValueSpecification","valueRequired":true,"valueName":"search_term_string"}}],"inLanguage":"de"}]}},"_links":{"self":[{"href":"https:\/\/eshop.amenity.cz\/de\/wp-json\/wp\/v2\/pages\/261021","targetHints":{"allow":["GET"]}}],"collection":[{"href":"https:\/\/eshop.amenity.cz\/de\/wp-json\/wp\/v2\/pages"}],"about":[{"href":"https:\/\/eshop.amenity.cz\/de\/wp-json\/wp\/v2\/types\/page"}],"author":[{"embeddable":true,"href":"https:\/\/eshop.amenity.cz\/de\/wp-json\/wp\/v2\/users\/3"}],"replies":[{"embeddable":true,"href":"https:\/\/eshop.amenity.cz\/de\/wp-json\/wp\/v2\/comments?post=261021"}],"version-history":[{"count":5,"href":"https:\/\/eshop.amenity.cz\/de\/wp-json\/wp\/v2\/pages\/261021\/revisions"}],"predecessor-version":[{"id":263938,"href":"https:\/\/eshop.amenity.cz\/de\/wp-json\/wp\/v2\/pages\/261021\/revisions\/263938"}],"wp:attachment":[{"href":"https:\/\/eshop.amenity.cz\/de\/wp-json\/wp\/v2\/media?parent=261021"}],"curies":[{"name":"wp","href":"https:\/\/api.w.org\/{rel}","templated":true}]}}