{"id":261113,"date":"2024-01-15T15:22:27","date_gmt":"2024-01-15T14:22:27","guid":{"rendered":"https:\/\/eshop.amenity.cz\/produkt\/plueschige-amenity\/"},"modified":"2024-01-19T16:51:17","modified_gmt":"2024-01-19T15:51:17","slug":"plueschige-amenity","status":"publish","type":"product","link":"https:\/\/eshop.amenity.cz\/de\/produkt\/plueschige-amenity\/","title":{"rendered":"Pl\u00fcschige Amenity"},"content":{"rendered":"<p>[et_pb_section fb_built=&#8221;1&#8243; disabled_on=&#8221;on|on|on&#8221; _builder_version=&#8221;4.6.6&#8243; custom_padding=&#8221;0px||||false|false&#8221; disabled=&#8221;on&#8221;][et_pb_row _builder_version=&#8221;3.25&#8243; background_size=&#8221;initial&#8221; background_position=&#8221;top_left&#8221; background_repeat=&#8221;repeat&#8221; width=&#8221;100%&#8221; custom_padding=&#8221;0px||0px||false|false&#8221;][et_pb_column type=&#8221;4_4&#8243; _builder_version=&#8221;3.25&#8243; custom_padding=&#8221;|||&#8221; custom_padding__hover=&#8221;|||&#8221;][et_pb_wc_breadcrumb _builder_version=&#8221;3.0.47&#8243;][\/et_pb_wc_breadcrumb][et_pb_wc_cart_notice _builder_version=&#8221;3.0.47&#8243;][\/et_pb_wc_cart_notice][\/et_pb_column][\/et_pb_row][et_pb_row column_structure=&#8221;1_2,1_2&#8243; _builder_version=&#8221;3.25&#8243; background_size=&#8221;initial&#8221; background_position=&#8221;top_left&#8221; background_repeat=&#8221;repeat&#8221; width=&#8221;100%&#8221; custom_padding=&#8221;0px||||false|false&#8221;][et_pb_column type=&#8221;1_2&#8243; _builder_version=&#8221;3.25&#8243; custom_padding=&#8221;|||&#8221; custom_padding__hover=&#8221;|||&#8221;][et_pb_wc_images _builder_version=&#8221;4.6.6&#8243; hover_enabled=&#8221;0&#8243; sticky_enabled=&#8221;0&#8243;][\/et_pb_wc_images][\/et_pb_column][et_pb_column type=&#8221;1_2&#8243; _builder_version=&#8221;3.25&#8243; custom_padding=&#8221;|||&#8221; custom_padding__hover=&#8221;|||&#8221;][et_pb_wc_title _builder_version=&#8221;3.0.47&#8243;][\/et_pb_wc_title][et_pb_wc_rating _builder_version=&#8221;3.0.47&#8243;][\/et_pb_wc_rating][et_pb_wc_description _builder_version=&#8221;3.0.47&#8243;][\/et_pb_wc_description][et_pb_wc_price _builder_version=&#8221;3.0.47&#8243;][\/et_pb_wc_price][et_pb_wc_add_to_cart _builder_version=&#8221;3.0.47&#8243;][\/et_pb_wc_add_to_cart][et_pb_wc_meta _builder_version=&#8221;3.0.47&#8243;][\/et_pb_wc_meta][\/et_pb_column][\/et_pb_row][et_pb_row _builder_version=&#8221;3.25&#8243; background_size=&#8221;initial&#8221; background_position=&#8221;top_left&#8221; background_repeat=&#8221;repeat&#8221; width=&#8221;100%&#8221;][et_pb_column type=&#8221;4_4&#8243; _builder_version=&#8221;3.25&#8243; custom_padding=&#8221;|||&#8221; custom_padding__hover=&#8221;|||&#8221;][et_pb_wc_tabs _builder_version=&#8221;3.0.47&#8243;] [\/et_pb_wc_tabs][et_pb_wc_upsells _builder_version=&#8221;3.0.47&#8243;][\/et_pb_wc_upsells][et_pb_wc_related_products _builder_version=&#8221;3.0.47&#8243;][\/et_pb_wc_related_products][\/et_pb_column][\/et_pb_row][\/et_pb_section]<\/p>\n","protected":false},"excerpt":{"rendered":"<p>Wir lieben es, unsere G\u00e4ste gl\u00fccklich zu machen. Warum also nicht unsere Kunden mit diesem Spielzeug zum L\u00e4cheln bringen? Amenity Resorts hat sich mit der Stiftung &#8220;Von Mensch zu Mensch&#8221; zusammengetan und spendet 20 Kronen von jedem verkauften Spielzeug an deren Projekte.<\/p>\n<p>&nbsp;<\/p>\n","protected":false},"featured_media":260981,"template":"","meta":{"_et_pb_use_builder":"on","_et_pb_old_content":"Wir lieben es, unsere G\u00e4ste gl\u00fccklich zu machen. Warum also nicht dieses Spielzeug verwenden, um unsere Kunden zum L\u00e4cheln zu bringen? Amenity Resorts hat sich mit der Stiftung \"Von Mensch zu Mensch\" zusammengetan und spendet 20 Kronen von jedem verkauften Spielzeug an deren Projekte.\r\n\r\n<strong>Vision der Stiftung Mensch zu Mensch<\/strong> \"Wir glauben, dass es uns am besten geht, wenn wir von unserer liebevollen und f\u00fcrsorglichen Familie umgeben sind. Aber manche Familien geraten in eine Krise, sei es eine finanzielle Krise, eine Beziehungskrise, eine Krise aufgrund einer Behinderung oder einer Krankheit. Unsere Stiftung hilft Familien, diese Krisen zu bew\u00e4ltigen. Die Stiftung Man to Man engagiert sich in der Hospizpflege, unterst\u00fctzt Behinderte und Familien, die Behinderte pflegen, und setzt sich vor allem daf\u00fcr ein, dass m\u00f6glichst viele Kinder in einer funktionierenden und liebevollen Familie aufwachsen. Die Stiftung Man to Man hat mehr als 18 Millionen tschechische Kronen f\u00fcr Hilfsprojekte gespendet oder Menschen in Not unterst\u00fctzt. Jedes Jahr hilft sie etwa dreihundert Menschen in der gesamten Tschechischen Republik.","_et_gb_content_width":""},"product_brand":[],"product_cat":[63],"product_tag":[],"class_list":{"0":"post-261113","1":"product","2":"type-product","3":"status-publish","4":"has-post-thumbnail","6":"product_cat-pluschtiere-amenity","8":"first","9":"outofstock","10":"taxable","11":"shipping-taxable","12":"purchasable","13":"product-type-variable"},"yoast_head":"<!-- This site is optimized with the Yoast SEO Premium plugin v27.3 (Yoast SEO v27.3) - https:\/\/yoast.com\/product\/yoast-seo-premium-wordpress\/ -->\n<title>Pl\u00fcschige Amenity - E-shop Amenity Resorts s.r.o.<\/title>\n<meta name=\"description\" content=\"Pl\u00fcschige Amenity. Im Amenity E-shop kaufen.\" \/>\n<meta name=\"robots\" content=\"index, follow, max-snippet:-1, max-image-preview:large, max-video-preview:-1\" \/>\n<link rel=\"canonical\" href=\"https:\/\/eshop.amenity.cz\/de\/produkt\/plueschige-amenity\/\" \/>\n<meta property=\"og:locale\" content=\"de_DE\" \/>\n<meta property=\"og:type\" content=\"article\" \/>\n<meta property=\"og:title\" content=\"Pl\u00fcschige Amenity\" \/>\n<meta property=\"og:description\" content=\"Pl\u00fcschige Amenity. Im Amenity E-shop kaufen.\" \/>\n<meta property=\"og:url\" content=\"https:\/\/eshop.amenity.cz\/de\/produkt\/plueschige-amenity\/\" \/>\n<meta property=\"og:site_name\" content=\"E-shop Amenity Resorts s.r.o.\" \/>\n<meta property=\"article:modified_time\" content=\"2024-01-19T15:51:17+00:00\" \/>\n<meta property=\"og:image\" content=\"https:\/\/eshop.amenity.cz\/wp-content\/uploads\/sites\/11\/2023\/07\/plysaci_eshop_amenity-resorts_1920x1080_.jpg\" \/>\n\t<meta property=\"og:image:width\" content=\"1920\" \/>\n\t<meta property=\"og:image:height\" content=\"1080\" \/>\n\t<meta property=\"og:image:type\" content=\"image\/jpeg\" \/>\n<meta name=\"twitter:card\" content=\"summary_large_image\" \/>\n<meta name=\"twitter:label1\" content=\"Gesch\u00e4tzte Lesezeit\" \/>\n\t<meta name=\"twitter:data1\" content=\"1\u00a0Minute\" \/>\n<script type=\"application\/ld+json\" class=\"yoast-schema-graph\">{\"@context\":\"https:\\\/\\\/schema.org\",\"@graph\":[{\"@type\":\"WebPage\",\"@id\":\"https:\\\/\\\/eshop.amenity.cz\\\/de\\\/produkt\\\/plueschige-amenity\\\/\",\"url\":\"https:\\\/\\\/eshop.amenity.cz\\\/de\\\/produkt\\\/plueschige-amenity\\\/\",\"name\":\"Pl\u00fcschige Amenity - E-shop Amenity Resorts s.r.o.\",\"isPartOf\":{\"@id\":\"https:\\\/\\\/eshop.amenity.cz\\\/de\\\/#website\"},\"primaryImageOfPage\":{\"@id\":\"https:\\\/\\\/eshop.amenity.cz\\\/de\\\/produkt\\\/plueschige-amenity\\\/#primaryimage\"},\"image\":{\"@id\":\"https:\\\/\\\/eshop.amenity.cz\\\/de\\\/produkt\\\/plueschige-amenity\\\/#primaryimage\"},\"thumbnailUrl\":\"https:\\\/\\\/eshop.amenity.cz\\\/wp-content\\\/uploads\\\/sites\\\/11\\\/2023\\\/07\\\/plysaci_eshop_amenity-resorts_1920x1080_.jpg\",\"datePublished\":\"2024-01-15T14:22:27+00:00\",\"dateModified\":\"2024-01-19T15:51:17+00:00\",\"description\":\"Pl\u00fcschige Amenity. Im Amenity E-shop kaufen.\",\"breadcrumb\":{\"@id\":\"https:\\\/\\\/eshop.amenity.cz\\\/de\\\/produkt\\\/plueschige-amenity\\\/#breadcrumb\"},\"inLanguage\":\"de\",\"potentialAction\":[{\"@type\":\"ReadAction\",\"target\":[\"https:\\\/\\\/eshop.amenity.cz\\\/de\\\/produkt\\\/plueschige-amenity\\\/\"]}]},{\"@type\":\"ImageObject\",\"inLanguage\":\"de\",\"@id\":\"https:\\\/\\\/eshop.amenity.cz\\\/de\\\/produkt\\\/plueschige-amenity\\\/#primaryimage\",\"url\":\"https:\\\/\\\/eshop.amenity.cz\\\/wp-content\\\/uploads\\\/sites\\\/11\\\/2023\\\/07\\\/plysaci_eshop_amenity-resorts_1920x1080_.jpg\",\"contentUrl\":\"https:\\\/\\\/eshop.amenity.cz\\\/wp-content\\\/uploads\\\/sites\\\/11\\\/2023\\\/07\\\/plysaci_eshop_amenity-resorts_1920x1080_.jpg\",\"width\":1920,\"height\":1080},{\"@type\":\"BreadcrumbList\",\"@id\":\"https:\\\/\\\/eshop.amenity.cz\\\/de\\\/produkt\\\/plueschige-amenity\\\/#breadcrumb\",\"itemListElement\":[{\"@type\":\"ListItem\",\"position\":1,\"name\":\"Dom\u016f\",\"item\":\"https:\\\/\\\/eshop.amenity.cz\\\/de\\\/\"},{\"@type\":\"ListItem\",\"position\":2,\"name\":\"Shop\",\"item\":\"https:\\\/\\\/eshop.amenity.cz\\\/de\\\/shop\\\/\"},{\"@type\":\"ListItem\",\"position\":3,\"name\":\"Pl\u00fcschige Amenity\"}]},{\"@type\":\"WebSite\",\"@id\":\"https:\\\/\\\/eshop.amenity.cz\\\/de\\\/#website\",\"url\":\"https:\\\/\\\/eshop.amenity.cz\\\/de\\\/\",\"name\":\"E-shop Amenity Resorts s.r.o.\",\"description\":\"Ofici\u00e1ln\u00ed e-shop Amenity Resorts s.r.o.\",\"potentialAction\":[{\"@type\":\"SearchAction\",\"target\":{\"@type\":\"EntryPoint\",\"urlTemplate\":\"https:\\\/\\\/eshop.amenity.cz\\\/de\\\/?s={search_term_string}\"},\"query-input\":{\"@type\":\"PropertyValueSpecification\",\"valueRequired\":true,\"valueName\":\"search_term_string\"}}],\"inLanguage\":\"de\"}]}<\/script>\n<!-- \/ Yoast SEO Premium plugin. -->","yoast_head_json":{"title":"Pl\u00fcschige Amenity - E-shop Amenity Resorts s.r.o.","description":"Pl\u00fcschige Amenity. Im Amenity E-shop kaufen.","robots":{"index":"index","follow":"follow","max-snippet":"max-snippet:-1","max-image-preview":"max-image-preview:large","max-video-preview":"max-video-preview:-1"},"canonical":"https:\/\/eshop.amenity.cz\/de\/produkt\/plueschige-amenity\/","og_locale":"de_DE","og_type":"article","og_title":"Pl\u00fcschige Amenity","og_description":"Pl\u00fcschige Amenity. Im Amenity E-shop kaufen.","og_url":"https:\/\/eshop.amenity.cz\/de\/produkt\/plueschige-amenity\/","og_site_name":"E-shop Amenity Resorts s.r.o.","article_modified_time":"2024-01-19T15:51:17+00:00","og_image":[{"width":1920,"height":1080,"url":"https:\/\/eshop.amenity.cz\/wp-content\/uploads\/sites\/11\/2023\/07\/plysaci_eshop_amenity-resorts_1920x1080_.jpg","type":"image\/jpeg"}],"twitter_card":"summary_large_image","twitter_misc":{"Gesch\u00e4tzte Lesezeit":"1\u00a0Minute"},"schema":{"@context":"https:\/\/schema.org","@graph":[{"@type":"WebPage","@id":"https:\/\/eshop.amenity.cz\/de\/produkt\/plueschige-amenity\/","url":"https:\/\/eshop.amenity.cz\/de\/produkt\/plueschige-amenity\/","name":"Pl\u00fcschige Amenity - E-shop Amenity Resorts s.r.o.","isPartOf":{"@id":"https:\/\/eshop.amenity.cz\/de\/#website"},"primaryImageOfPage":{"@id":"https:\/\/eshop.amenity.cz\/de\/produkt\/plueschige-amenity\/#primaryimage"},"image":{"@id":"https:\/\/eshop.amenity.cz\/de\/produkt\/plueschige-amenity\/#primaryimage"},"thumbnailUrl":"https:\/\/eshop.amenity.cz\/wp-content\/uploads\/sites\/11\/2023\/07\/plysaci_eshop_amenity-resorts_1920x1080_.jpg","datePublished":"2024-01-15T14:22:27+00:00","dateModified":"2024-01-19T15:51:17+00:00","description":"Pl\u00fcschige Amenity. Im Amenity E-shop kaufen.","breadcrumb":{"@id":"https:\/\/eshop.amenity.cz\/de\/produkt\/plueschige-amenity\/#breadcrumb"},"inLanguage":"de","potentialAction":[{"@type":"ReadAction","target":["https:\/\/eshop.amenity.cz\/de\/produkt\/plueschige-amenity\/"]}]},{"@type":"ImageObject","inLanguage":"de","@id":"https:\/\/eshop.amenity.cz\/de\/produkt\/plueschige-amenity\/#primaryimage","url":"https:\/\/eshop.amenity.cz\/wp-content\/uploads\/sites\/11\/2023\/07\/plysaci_eshop_amenity-resorts_1920x1080_.jpg","contentUrl":"https:\/\/eshop.amenity.cz\/wp-content\/uploads\/sites\/11\/2023\/07\/plysaci_eshop_amenity-resorts_1920x1080_.jpg","width":1920,"height":1080},{"@type":"BreadcrumbList","@id":"https:\/\/eshop.amenity.cz\/de\/produkt\/plueschige-amenity\/#breadcrumb","itemListElement":[{"@type":"ListItem","position":1,"name":"Dom\u016f","item":"https:\/\/eshop.amenity.cz\/de\/"},{"@type":"ListItem","position":2,"name":"Shop","item":"https:\/\/eshop.amenity.cz\/de\/shop\/"},{"@type":"ListItem","position":3,"name":"Pl\u00fcschige Amenity"}]},{"@type":"WebSite","@id":"https:\/\/eshop.amenity.cz\/de\/#website","url":"https:\/\/eshop.amenity.cz\/de\/","name":"E-shop Amenity Resorts s.r.o.","description":"Ofici\u00e1ln\u00ed e-shop Amenity Resorts s.r.o.","potentialAction":[{"@type":"SearchAction","target":{"@type":"EntryPoint","urlTemplate":"https:\/\/eshop.amenity.cz\/de\/?s={search_term_string}"},"query-input":{"@type":"PropertyValueSpecification","valueRequired":true,"valueName":"search_term_string"}}],"inLanguage":"de"}]}},"_links":{"self":[{"href":"https:\/\/eshop.amenity.cz\/de\/wp-json\/wp\/v2\/product\/261113","targetHints":{"allow":["GET"]}}],"collection":[{"href":"https:\/\/eshop.amenity.cz\/de\/wp-json\/wp\/v2\/product"}],"about":[{"href":"https:\/\/eshop.amenity.cz\/de\/wp-json\/wp\/v2\/types\/product"}],"wp:featuredmedia":[{"embeddable":true,"href":"https:\/\/eshop.amenity.cz\/de\/wp-json\/wp\/v2\/media\/260981"}],"wp:attachment":[{"href":"https:\/\/eshop.amenity.cz\/de\/wp-json\/wp\/v2\/media?parent=261113"}],"wp:term":[{"taxonomy":"product_brand","embeddable":true,"href":"https:\/\/eshop.amenity.cz\/de\/wp-json\/wp\/v2\/product_brand?post=261113"},{"taxonomy":"product_cat","embeddable":true,"href":"https:\/\/eshop.amenity.cz\/de\/wp-json\/wp\/v2\/product_cat?post=261113"},{"taxonomy":"product_tag","embeddable":true,"href":"https:\/\/eshop.amenity.cz\/de\/wp-json\/wp\/v2\/product_tag?post=261113"}],"curies":[{"name":"wp","href":"https:\/\/api.w.org\/{rel}","templated":true}]}}