{"id":261140,"date":"2024-01-16T17:26:56","date_gmt":"2024-01-16T16:26:56","guid":{"rendered":"https:\/\/eshop.amenity.cz\/produkt\/marmelade-all\/"},"modified":"2024-01-19T17:02:59","modified_gmt":"2024-01-19T16:02:59","slug":"marmelade-all","status":"publish","type":"product","link":"https:\/\/eshop.amenity.cz\/de\/produkt\/marmelade-all\/","title":{"rendered":"Marmelade All"},"content":{"rendered":"<p>[et_pb_section fb_built=&#8221;1&#8243; disabled_on=&#8221;on|on|on&#8221; _builder_version=&#8221;4.6.6&#8243; custom_padding=&#8221;0px||||false|false&#8221; disabled=&#8221;on&#8221;][et_pb_row _builder_version=&#8221;3.25&#8243; background_size=&#8221;initial&#8221; background_position=&#8221;top_left&#8221; background_repeat=&#8221;repeat&#8221; width=&#8221;100%&#8221; custom_padding=&#8221;0px||0px||false|false&#8221;][et_pb_column type=&#8221;4_4&#8243; _builder_version=&#8221;3.25&#8243; custom_padding=&#8221;|||&#8221; custom_padding__hover=&#8221;|||&#8221;][et_pb_wc_breadcrumb _builder_version=&#8221;3.0.47&#8243;][\/et_pb_wc_breadcrumb][et_pb_wc_cart_notice _builder_version=&#8221;3.0.47&#8243;][\/et_pb_wc_cart_notice][\/et_pb_column][\/et_pb_row][et_pb_row column_structure=&#8221;1_2,1_2&#8243; _builder_version=&#8221;3.25&#8243; background_size=&#8221;initial&#8221; background_position=&#8221;top_left&#8221; background_repeat=&#8221;repeat&#8221; width=&#8221;100%&#8221; custom_padding=&#8221;0px||||false|false&#8221;][et_pb_column type=&#8221;1_2&#8243; _builder_version=&#8221;3.25&#8243; custom_padding=&#8221;|||&#8221; custom_padding__hover=&#8221;|||&#8221;][et_pb_wc_images _builder_version=&#8221;3.0.47&#8243;][\/et_pb_wc_images][\/et_pb_column][et_pb_column type=&#8221;1_2&#8243; _builder_version=&#8221;3.25&#8243; custom_padding=&#8221;|||&#8221; custom_padding__hover=&#8221;|||&#8221;][et_pb_wc_title _builder_version=&#8221;3.0.47&#8243;][\/et_pb_wc_title][et_pb_wc_rating _builder_version=&#8221;3.0.47&#8243;][\/et_pb_wc_rating][et_pb_wc_description _builder_version=&#8221;3.0.47&#8243;][\/et_pb_wc_description][et_pb_wc_price _builder_version=&#8221;3.0.47&#8243;][\/et_pb_wc_price][et_pb_wc_add_to_cart _builder_version=&#8221;3.0.47&#8243;][\/et_pb_wc_add_to_cart][et_pb_wc_meta _builder_version=&#8221;3.0.47&#8243;][\/et_pb_wc_meta][\/et_pb_column][\/et_pb_row][et_pb_row _builder_version=&#8221;3.25&#8243; background_size=&#8221;initial&#8221; background_position=&#8221;top_left&#8221; background_repeat=&#8221;repeat&#8221; width=&#8221;100%&#8221;][et_pb_column type=&#8221;4_4&#8243; _builder_version=&#8221;3.25&#8243; custom_padding=&#8221;|||&#8221; custom_padding__hover=&#8221;|||&#8221;][et_pb_wc_tabs _builder_version=&#8221;3.0.47&#8243;]\t\t\t\t\t[\/et_pb_wc_tabs][et_pb_wc_upsells _builder_version=&#8221;3.0.47&#8243;][\/et_pb_wc_upsells][et_pb_wc_related_products _builder_version=&#8221;3.0.47&#8243;][\/et_pb_wc_related_products][\/et_pb_column][\/et_pb_row][\/et_pb_section]<\/p>\n","protected":false},"excerpt":{"rendered":"<p>Das Obst, das f\u00fcr die Herstellung dieser Konfit\u00fcre verwendet wird, stammt aus privaten Obstg\u00e4rten oder G\u00e4rten und wird daher nicht chemisch behandelt. Der Anteil der Fr\u00fcchte an der Gesamtzusammensetzung liegt bei 72 %.<\/p>\n","protected":false},"featured_media":260843,"template":"","meta":{"_et_pb_use_builder":"on","_et_pb_old_content":"","_et_gb_content_width":""},"product_brand":[],"product_cat":[67],"product_tag":[],"class_list":{"0":"post-261140","1":"product","2":"type-product","3":"status-publish","4":"has-post-thumbnail","6":"product_cat-marmelade","8":"first","9":"outofstock","10":"taxable","11":"shipping-taxable","12":"purchasable","13":"product-type-variable"},"yoast_head":"<!-- This site is optimized with the Yoast SEO Premium plugin v27.3 (Yoast SEO v27.3) - https:\/\/yoast.com\/product\/yoast-seo-premium-wordpress\/ -->\n<title>Marmelade All - E-shop Amenity Resorts s.r.o.<\/title>\n<meta name=\"robots\" content=\"index, follow, max-snippet:-1, max-image-preview:large, max-video-preview:-1\" \/>\n<link rel=\"canonical\" href=\"https:\/\/eshop.amenity.cz\/de\/produkt\/marmelade-all\/\" \/>\n<meta property=\"og:locale\" content=\"de_DE\" \/>\n<meta property=\"og:type\" content=\"article\" \/>\n<meta property=\"og:title\" content=\"Marmelade All\" \/>\n<meta property=\"og:description\" content=\"Das Obst, das f\u00fcr die Herstellung dieser Konfit\u00fcre verwendet wird, stammt aus privaten Obstg\u00e4rten oder G\u00e4rten und wird daher nicht chemisch behandelt. Der Anteil der Fr\u00fcchte an der Gesamtzusammensetzung liegt bei 72 %.\" \/>\n<meta property=\"og:url\" content=\"https:\/\/eshop.amenity.cz\/de\/produkt\/marmelade-all\/\" \/>\n<meta property=\"og:site_name\" content=\"E-shop Amenity Resorts s.r.o.\" \/>\n<meta property=\"article:modified_time\" content=\"2024-01-19T16:02:59+00:00\" \/>\n<meta property=\"og:image\" content=\"https:\/\/eshop.amenity.cz\/wp-content\/uploads\/sites\/11\/2020\/11\/cukrovi_eshop_amenity-resorts_600x800_-2.jpg\" \/>\n\t<meta property=\"og:image:width\" content=\"600\" \/>\n\t<meta property=\"og:image:height\" content=\"800\" \/>\n\t<meta property=\"og:image:type\" content=\"image\/jpeg\" \/>\n<meta name=\"twitter:card\" content=\"summary_large_image\" \/>\n<meta name=\"twitter:label1\" content=\"Gesch\u00e4tzte Lesezeit\" \/>\n\t<meta name=\"twitter:data1\" content=\"1\u00a0Minute\" \/>\n<script type=\"application\/ld+json\" class=\"yoast-schema-graph\">{\"@context\":\"https:\\\/\\\/schema.org\",\"@graph\":[{\"@type\":\"WebPage\",\"@id\":\"https:\\\/\\\/eshop.amenity.cz\\\/de\\\/produkt\\\/marmelade-all\\\/\",\"url\":\"https:\\\/\\\/eshop.amenity.cz\\\/de\\\/produkt\\\/marmelade-all\\\/\",\"name\":\"Marmelade All - E-shop Amenity Resorts s.r.o.\",\"isPartOf\":{\"@id\":\"https:\\\/\\\/eshop.amenity.cz\\\/de\\\/#website\"},\"primaryImageOfPage\":{\"@id\":\"https:\\\/\\\/eshop.amenity.cz\\\/de\\\/produkt\\\/marmelade-all\\\/#primaryimage\"},\"image\":{\"@id\":\"https:\\\/\\\/eshop.amenity.cz\\\/de\\\/produkt\\\/marmelade-all\\\/#primaryimage\"},\"thumbnailUrl\":\"https:\\\/\\\/eshop.amenity.cz\\\/wp-content\\\/uploads\\\/sites\\\/11\\\/2020\\\/11\\\/cukrovi_eshop_amenity-resorts_600x800_-2.jpg\",\"datePublished\":\"2024-01-16T16:26:56+00:00\",\"dateModified\":\"2024-01-19T16:02:59+00:00\",\"breadcrumb\":{\"@id\":\"https:\\\/\\\/eshop.amenity.cz\\\/de\\\/produkt\\\/marmelade-all\\\/#breadcrumb\"},\"inLanguage\":\"de\",\"potentialAction\":[{\"@type\":\"ReadAction\",\"target\":[\"https:\\\/\\\/eshop.amenity.cz\\\/de\\\/produkt\\\/marmelade-all\\\/\"]}]},{\"@type\":\"ImageObject\",\"inLanguage\":\"de\",\"@id\":\"https:\\\/\\\/eshop.amenity.cz\\\/de\\\/produkt\\\/marmelade-all\\\/#primaryimage\",\"url\":\"https:\\\/\\\/eshop.amenity.cz\\\/wp-content\\\/uploads\\\/sites\\\/11\\\/2020\\\/11\\\/cukrovi_eshop_amenity-resorts_600x800_-2.jpg\",\"contentUrl\":\"https:\\\/\\\/eshop.amenity.cz\\\/wp-content\\\/uploads\\\/sites\\\/11\\\/2020\\\/11\\\/cukrovi_eshop_amenity-resorts_600x800_-2.jpg\",\"width\":600,\"height\":800},{\"@type\":\"BreadcrumbList\",\"@id\":\"https:\\\/\\\/eshop.amenity.cz\\\/de\\\/produkt\\\/marmelade-all\\\/#breadcrumb\",\"itemListElement\":[{\"@type\":\"ListItem\",\"position\":1,\"name\":\"Dom\u016f\",\"item\":\"https:\\\/\\\/eshop.amenity.cz\\\/de\\\/\"},{\"@type\":\"ListItem\",\"position\":2,\"name\":\"Shop\",\"item\":\"https:\\\/\\\/eshop.amenity.cz\\\/de\\\/shop\\\/\"},{\"@type\":\"ListItem\",\"position\":3,\"name\":\"Marmelade All\"}]},{\"@type\":\"WebSite\",\"@id\":\"https:\\\/\\\/eshop.amenity.cz\\\/de\\\/#website\",\"url\":\"https:\\\/\\\/eshop.amenity.cz\\\/de\\\/\",\"name\":\"E-shop Amenity Resorts s.r.o.\",\"description\":\"Ofici\u00e1ln\u00ed e-shop Amenity Resorts s.r.o.\",\"potentialAction\":[{\"@type\":\"SearchAction\",\"target\":{\"@type\":\"EntryPoint\",\"urlTemplate\":\"https:\\\/\\\/eshop.amenity.cz\\\/de\\\/?s={search_term_string}\"},\"query-input\":{\"@type\":\"PropertyValueSpecification\",\"valueRequired\":true,\"valueName\":\"search_term_string\"}}],\"inLanguage\":\"de\"}]}<\/script>\n<!-- \/ Yoast SEO Premium plugin. -->","yoast_head_json":{"title":"Marmelade All - E-shop Amenity Resorts s.r.o.","robots":{"index":"index","follow":"follow","max-snippet":"max-snippet:-1","max-image-preview":"max-image-preview:large","max-video-preview":"max-video-preview:-1"},"canonical":"https:\/\/eshop.amenity.cz\/de\/produkt\/marmelade-all\/","og_locale":"de_DE","og_type":"article","og_title":"Marmelade All","og_description":"Das Obst, das f\u00fcr die Herstellung dieser Konfit\u00fcre verwendet wird, stammt aus privaten Obstg\u00e4rten oder G\u00e4rten und wird daher nicht chemisch behandelt. Der Anteil der Fr\u00fcchte an der Gesamtzusammensetzung liegt bei 72 %.","og_url":"https:\/\/eshop.amenity.cz\/de\/produkt\/marmelade-all\/","og_site_name":"E-shop Amenity Resorts s.r.o.","article_modified_time":"2024-01-19T16:02:59+00:00","og_image":[{"width":600,"height":800,"url":"https:\/\/eshop.amenity.cz\/wp-content\/uploads\/sites\/11\/2020\/11\/cukrovi_eshop_amenity-resorts_600x800_-2.jpg","type":"image\/jpeg"}],"twitter_card":"summary_large_image","twitter_misc":{"Gesch\u00e4tzte Lesezeit":"1\u00a0Minute"},"schema":{"@context":"https:\/\/schema.org","@graph":[{"@type":"WebPage","@id":"https:\/\/eshop.amenity.cz\/de\/produkt\/marmelade-all\/","url":"https:\/\/eshop.amenity.cz\/de\/produkt\/marmelade-all\/","name":"Marmelade All - E-shop Amenity Resorts s.r.o.","isPartOf":{"@id":"https:\/\/eshop.amenity.cz\/de\/#website"},"primaryImageOfPage":{"@id":"https:\/\/eshop.amenity.cz\/de\/produkt\/marmelade-all\/#primaryimage"},"image":{"@id":"https:\/\/eshop.amenity.cz\/de\/produkt\/marmelade-all\/#primaryimage"},"thumbnailUrl":"https:\/\/eshop.amenity.cz\/wp-content\/uploads\/sites\/11\/2020\/11\/cukrovi_eshop_amenity-resorts_600x800_-2.jpg","datePublished":"2024-01-16T16:26:56+00:00","dateModified":"2024-01-19T16:02:59+00:00","breadcrumb":{"@id":"https:\/\/eshop.amenity.cz\/de\/produkt\/marmelade-all\/#breadcrumb"},"inLanguage":"de","potentialAction":[{"@type":"ReadAction","target":["https:\/\/eshop.amenity.cz\/de\/produkt\/marmelade-all\/"]}]},{"@type":"ImageObject","inLanguage":"de","@id":"https:\/\/eshop.amenity.cz\/de\/produkt\/marmelade-all\/#primaryimage","url":"https:\/\/eshop.amenity.cz\/wp-content\/uploads\/sites\/11\/2020\/11\/cukrovi_eshop_amenity-resorts_600x800_-2.jpg","contentUrl":"https:\/\/eshop.amenity.cz\/wp-content\/uploads\/sites\/11\/2020\/11\/cukrovi_eshop_amenity-resorts_600x800_-2.jpg","width":600,"height":800},{"@type":"BreadcrumbList","@id":"https:\/\/eshop.amenity.cz\/de\/produkt\/marmelade-all\/#breadcrumb","itemListElement":[{"@type":"ListItem","position":1,"name":"Dom\u016f","item":"https:\/\/eshop.amenity.cz\/de\/"},{"@type":"ListItem","position":2,"name":"Shop","item":"https:\/\/eshop.amenity.cz\/de\/shop\/"},{"@type":"ListItem","position":3,"name":"Marmelade All"}]},{"@type":"WebSite","@id":"https:\/\/eshop.amenity.cz\/de\/#website","url":"https:\/\/eshop.amenity.cz\/de\/","name":"E-shop Amenity Resorts s.r.o.","description":"Ofici\u00e1ln\u00ed e-shop Amenity Resorts s.r.o.","potentialAction":[{"@type":"SearchAction","target":{"@type":"EntryPoint","urlTemplate":"https:\/\/eshop.amenity.cz\/de\/?s={search_term_string}"},"query-input":{"@type":"PropertyValueSpecification","valueRequired":true,"valueName":"search_term_string"}}],"inLanguage":"de"}]}},"_links":{"self":[{"href":"https:\/\/eshop.amenity.cz\/de\/wp-json\/wp\/v2\/product\/261140","targetHints":{"allow":["GET"]}}],"collection":[{"href":"https:\/\/eshop.amenity.cz\/de\/wp-json\/wp\/v2\/product"}],"about":[{"href":"https:\/\/eshop.amenity.cz\/de\/wp-json\/wp\/v2\/types\/product"}],"wp:featuredmedia":[{"embeddable":true,"href":"https:\/\/eshop.amenity.cz\/de\/wp-json\/wp\/v2\/media\/260843"}],"wp:attachment":[{"href":"https:\/\/eshop.amenity.cz\/de\/wp-json\/wp\/v2\/media?parent=261140"}],"wp:term":[{"taxonomy":"product_brand","embeddable":true,"href":"https:\/\/eshop.amenity.cz\/de\/wp-json\/wp\/v2\/product_brand?post=261140"},{"taxonomy":"product_cat","embeddable":true,"href":"https:\/\/eshop.amenity.cz\/de\/wp-json\/wp\/v2\/product_cat?post=261140"},{"taxonomy":"product_tag","embeddable":true,"href":"https:\/\/eshop.amenity.cz\/de\/wp-json\/wp\/v2\/product_tag?post=261140"}],"curies":[{"name":"wp","href":"https:\/\/api.w.org\/{rel}","templated":true}]}}