{"id":261167,"date":"2020-11-17T23:12:15","date_gmt":"2020-11-17T22:12:15","guid":{"rendered":"https:\/\/eshop.amenity.cz\/produkt\/waermedecke-annehmlichkeit\/"},"modified":"2024-01-19T17:29:06","modified_gmt":"2024-01-19T16:29:06","slug":"waermedecke-annehmlichkeit","status":"publish","type":"product","link":"https:\/\/eshop.amenity.cz\/de\/produkt\/waermedecke-annehmlichkeit\/","title":{"rendered":"W\u00e4rmedecke Annehmlichkeit"},"content":{"rendered":"<p>[et_pb_section fb_built=&#8221;1&#8243; disabled_on=&#8221;on|on|on&#8221; _builder_version=&#8221;4.6.6&#8243; custom_padding=&#8221;0px||||false|false&#8221; disabled=&#8221;on&#8221;][et_pb_row _builder_version=&#8221;3.25&#8243; background_size=&#8221;initial&#8221; background_position=&#8221;top_left&#8221; background_repeat=&#8221;repeat&#8221; width=&#8221;100%&#8221; custom_padding=&#8221;0px||0px||false|false&#8221;][et_pb_column type=&#8221;4_4&#8243; _builder_version=&#8221;3.25&#8243; custom_padding=&#8221;|||&#8221; custom_padding__hover=&#8221;|||&#8221;][et_pb_wc_breadcrumb _builder_version=&#8221;3.0.47&#8243;][\/et_pb_wc_breadcrumb][et_pb_wc_cart_notice _builder_version=&#8221;3.0.47&#8243;][\/et_pb_wc_cart_notice][\/et_pb_column][\/et_pb_row][et_pb_row column_structure=&#8221;1_2,1_2&#8243; _builder_version=&#8221;3.25&#8243; background_size=&#8221;initial&#8221; background_position=&#8221;top_left&#8221; background_repeat=&#8221;repeat&#8221; width=&#8221;100%&#8221; custom_padding=&#8221;0px||||false|false&#8221;][et_pb_column type=&#8221;1_2&#8243; _builder_version=&#8221;3.25&#8243; custom_padding=&#8221;|||&#8221; custom_padding__hover=&#8221;|||&#8221;][et_pb_wc_images show_product_gallery=&#8221;off&#8221; show_sale_badge=&#8221;off&#8221; _builder_version=&#8221;4.6.6&#8243;][\/et_pb_wc_images][\/et_pb_column][et_pb_column type=&#8221;1_2&#8243; _builder_version=&#8221;3.25&#8243; custom_padding=&#8221;|||&#8221; custom_padding__hover=&#8221;|||&#8221;][et_pb_wc_title _builder_version=&#8221;3.0.47&#8243;][\/et_pb_wc_title][et_pb_wc_rating _builder_version=&#8221;3.0.47&#8243;][\/et_pb_wc_rating][et_pb_wc_description _builder_version=&#8221;3.0.47&#8243;][\/et_pb_wc_description][et_pb_wc_price _builder_version=&#8221;3.0.47&#8243;][\/et_pb_wc_price][et_pb_wc_add_to_cart _builder_version=&#8221;3.0.47&#8243;][\/et_pb_wc_add_to_cart][et_pb_wc_meta _builder_version=&#8221;3.0.47&#8243;][\/et_pb_wc_meta][\/et_pb_column][\/et_pb_row][et_pb_row _builder_version=&#8221;3.25&#8243; background_size=&#8221;initial&#8221; background_position=&#8221;top_left&#8221; background_repeat=&#8221;repeat&#8221; width=&#8221;100%&#8221;][et_pb_column type=&#8221;4_4&#8243; _builder_version=&#8221;3.25&#8243; custom_padding=&#8221;|||&#8221; custom_padding__hover=&#8221;|||&#8221;][et_pb_wc_tabs _builder_version=&#8221;3.0.47&#8243;]\t\t\t\t\t[\/et_pb_wc_tabs][et_pb_wc_upsells _builder_version=&#8221;3.0.47&#8243;][\/et_pb_wc_upsells][et_pb_wc_related_products _builder_version=&#8221;3.0.47&#8243;][\/et_pb_wc_related_products][\/et_pb_column][\/et_pb_row][\/et_pb_section]<\/p>\n","protected":false},"excerpt":{"rendered":"<p>Frau Jana vom Amenity Resort Lipno hat die diesj\u00e4hrigen freien Tage genutzt und angefangen, weiche, warme Decken zu stricken. Man konnte sie in unseren H\u00e4usern in Lipno finden und jetzt kann man sie auch f\u00fcr sein Zuhause bekommen. <span class=\"il\">Die Decken<\/span> sind aus einem weichen Garn gestrickt und laden mit ihrer Gr\u00f6\u00dfe direkt dazu ein, sich einzukuscheln und ein Buch zu lesen oder einen Film zu schauen.<\/p>\n<p><strong>Dieses Produkt wird auf Bestellung gefertigt. Lieferung in 2-3 Wochen.<\/strong><\/p>\n","protected":false},"featured_media":260681,"template":"","meta":{"_et_pb_use_builder":"on","_et_pb_old_content":"<strong>Zusammensetzung:<\/strong> 100% Mikropolyestergarn\r\n\r\n<strong>Abmessung:<\/strong> 180 x 140 cm\r\n\r\n<strong>Farbe:<\/strong> khaki, mehrfarbig meliert\r\n\r\n<strong>Dieses Produkt wird auf Bestellung gefertigt. Lieferung in 2-3 Wochen.<\/strong>","_et_gb_content_width":""},"product_brand":[],"product_cat":[15],"product_tag":[],"class_list":{"0":"post-261167","1":"product","2":"type-product","3":"status-publish","4":"has-post-thumbnail","6":"product_cat-nezarazene","8":"first","9":"onbackorder","10":"taxable","11":"shipping-taxable","12":"purchasable","13":"product-type-variable","14":"has-default-attributes"},"yoast_head":"<!-- This site is optimized with the Yoast SEO Premium plugin v27.3 (Yoast SEO v27.3) - https:\/\/yoast.com\/product\/yoast-seo-premium-wordpress\/ -->\n<title>W\u00e4rmedecke Annehmlichkeit - E-shop Amenity Resorts s.r.o.<\/title>\n<meta name=\"description\" content=\"Die Decken sind aus feinem Garn gestrickt und laden mit ihrer Gr\u00f6\u00dfe dazu ein, sich einzukuscheln und ein Buch zu lesen oder einen Film zu schauen.\" \/>\n<meta name=\"robots\" content=\"index, follow, max-snippet:-1, max-image-preview:large, max-video-preview:-1\" \/>\n<link rel=\"canonical\" href=\"https:\/\/eshop.amenity.cz\/de\/produkt\/waermedecke-annehmlichkeit\/\" \/>\n<meta property=\"og:locale\" content=\"de_DE\" \/>\n<meta property=\"og:type\" content=\"article\" \/>\n<meta property=\"og:title\" content=\"W\u00e4rmedecke Annehmlichkeit\" \/>\n<meta property=\"og:description\" content=\"Die Decken sind aus feinem Garn gestrickt und laden mit ihrer Gr\u00f6\u00dfe dazu ein, sich einzukuscheln und ein Buch zu lesen oder einen Film zu schauen.\" \/>\n<meta property=\"og:url\" content=\"https:\/\/eshop.amenity.cz\/de\/produkt\/waermedecke-annehmlichkeit\/\" \/>\n<meta property=\"og:site_name\" content=\"E-shop Amenity Resorts s.r.o.\" \/>\n<meta property=\"article:modified_time\" content=\"2024-01-19T16:29:06+00:00\" \/>\n<meta property=\"og:image\" content=\"https:\/\/eshop.amenity.cz\/wp-content\/uploads\/sites\/11\/2020\/11\/Deka1.jpg\" \/>\n\t<meta property=\"og:image:width\" content=\"600\" \/>\n\t<meta property=\"og:image:height\" content=\"800\" \/>\n\t<meta property=\"og:image:type\" content=\"image\/jpeg\" \/>\n<meta name=\"twitter:card\" content=\"summary_large_image\" \/>\n<meta name=\"twitter:label1\" content=\"Gesch\u00e4tzte Lesezeit\" \/>\n\t<meta name=\"twitter:data1\" content=\"1\u00a0Minute\" \/>\n<script type=\"application\/ld+json\" class=\"yoast-schema-graph\">{\"@context\":\"https:\\\/\\\/schema.org\",\"@graph\":[{\"@type\":\"WebPage\",\"@id\":\"https:\\\/\\\/eshop.amenity.cz\\\/de\\\/produkt\\\/waermedecke-annehmlichkeit\\\/\",\"url\":\"https:\\\/\\\/eshop.amenity.cz\\\/de\\\/produkt\\\/waermedecke-annehmlichkeit\\\/\",\"name\":\"W\u00e4rmedecke Annehmlichkeit - E-shop Amenity Resorts s.r.o.\",\"isPartOf\":{\"@id\":\"https:\\\/\\\/eshop.amenity.cz\\\/de\\\/#website\"},\"primaryImageOfPage\":{\"@id\":\"https:\\\/\\\/eshop.amenity.cz\\\/de\\\/produkt\\\/waermedecke-annehmlichkeit\\\/#primaryimage\"},\"image\":{\"@id\":\"https:\\\/\\\/eshop.amenity.cz\\\/de\\\/produkt\\\/waermedecke-annehmlichkeit\\\/#primaryimage\"},\"thumbnailUrl\":\"https:\\\/\\\/eshop.amenity.cz\\\/wp-content\\\/uploads\\\/sites\\\/11\\\/2020\\\/11\\\/Deka1.jpg\",\"datePublished\":\"2020-11-17T22:12:15+00:00\",\"dateModified\":\"2024-01-19T16:29:06+00:00\",\"description\":\"Die Decken sind aus feinem Garn gestrickt und laden mit ihrer Gr\u00f6\u00dfe dazu ein, sich einzukuscheln und ein Buch zu lesen oder einen Film zu schauen.\",\"breadcrumb\":{\"@id\":\"https:\\\/\\\/eshop.amenity.cz\\\/de\\\/produkt\\\/waermedecke-annehmlichkeit\\\/#breadcrumb\"},\"inLanguage\":\"de\",\"potentialAction\":[{\"@type\":\"ReadAction\",\"target\":[\"https:\\\/\\\/eshop.amenity.cz\\\/de\\\/produkt\\\/waermedecke-annehmlichkeit\\\/\"]}]},{\"@type\":\"ImageObject\",\"inLanguage\":\"de\",\"@id\":\"https:\\\/\\\/eshop.amenity.cz\\\/de\\\/produkt\\\/waermedecke-annehmlichkeit\\\/#primaryimage\",\"url\":\"https:\\\/\\\/eshop.amenity.cz\\\/wp-content\\\/uploads\\\/sites\\\/11\\\/2020\\\/11\\\/Deka1.jpg\",\"contentUrl\":\"https:\\\/\\\/eshop.amenity.cz\\\/wp-content\\\/uploads\\\/sites\\\/11\\\/2020\\\/11\\\/Deka1.jpg\",\"width\":600,\"height\":800},{\"@type\":\"BreadcrumbList\",\"@id\":\"https:\\\/\\\/eshop.amenity.cz\\\/de\\\/produkt\\\/waermedecke-annehmlichkeit\\\/#breadcrumb\",\"itemListElement\":[{\"@type\":\"ListItem\",\"position\":1,\"name\":\"Dom\u016f\",\"item\":\"https:\\\/\\\/eshop.amenity.cz\\\/de\\\/\"},{\"@type\":\"ListItem\",\"position\":2,\"name\":\"Shop\",\"item\":\"https:\\\/\\\/eshop.amenity.cz\\\/de\\\/shop\\\/\"},{\"@type\":\"ListItem\",\"position\":3,\"name\":\"W\u00e4rmedecke Annehmlichkeit\"}]},{\"@type\":\"WebSite\",\"@id\":\"https:\\\/\\\/eshop.amenity.cz\\\/de\\\/#website\",\"url\":\"https:\\\/\\\/eshop.amenity.cz\\\/de\\\/\",\"name\":\"E-shop Amenity Resorts s.r.o.\",\"description\":\"Ofici\u00e1ln\u00ed e-shop Amenity Resorts s.r.o.\",\"potentialAction\":[{\"@type\":\"SearchAction\",\"target\":{\"@type\":\"EntryPoint\",\"urlTemplate\":\"https:\\\/\\\/eshop.amenity.cz\\\/de\\\/?s={search_term_string}\"},\"query-input\":{\"@type\":\"PropertyValueSpecification\",\"valueRequired\":true,\"valueName\":\"search_term_string\"}}],\"inLanguage\":\"de\"}]}<\/script>\n<!-- \/ Yoast SEO Premium plugin. -->","yoast_head_json":{"title":"W\u00e4rmedecke Annehmlichkeit - E-shop Amenity Resorts s.r.o.","description":"Die Decken sind aus feinem Garn gestrickt und laden mit ihrer Gr\u00f6\u00dfe dazu ein, sich einzukuscheln und ein Buch zu lesen oder einen Film zu schauen.","robots":{"index":"index","follow":"follow","max-snippet":"max-snippet:-1","max-image-preview":"max-image-preview:large","max-video-preview":"max-video-preview:-1"},"canonical":"https:\/\/eshop.amenity.cz\/de\/produkt\/waermedecke-annehmlichkeit\/","og_locale":"de_DE","og_type":"article","og_title":"W\u00e4rmedecke Annehmlichkeit","og_description":"Die Decken sind aus feinem Garn gestrickt und laden mit ihrer Gr\u00f6\u00dfe dazu ein, sich einzukuscheln und ein Buch zu lesen oder einen Film zu schauen.","og_url":"https:\/\/eshop.amenity.cz\/de\/produkt\/waermedecke-annehmlichkeit\/","og_site_name":"E-shop Amenity Resorts s.r.o.","article_modified_time":"2024-01-19T16:29:06+00:00","og_image":[{"width":600,"height":800,"url":"https:\/\/eshop.amenity.cz\/wp-content\/uploads\/sites\/11\/2020\/11\/Deka1.jpg","type":"image\/jpeg"}],"twitter_card":"summary_large_image","twitter_misc":{"Gesch\u00e4tzte Lesezeit":"1\u00a0Minute"},"schema":{"@context":"https:\/\/schema.org","@graph":[{"@type":"WebPage","@id":"https:\/\/eshop.amenity.cz\/de\/produkt\/waermedecke-annehmlichkeit\/","url":"https:\/\/eshop.amenity.cz\/de\/produkt\/waermedecke-annehmlichkeit\/","name":"W\u00e4rmedecke Annehmlichkeit - E-shop Amenity Resorts s.r.o.","isPartOf":{"@id":"https:\/\/eshop.amenity.cz\/de\/#website"},"primaryImageOfPage":{"@id":"https:\/\/eshop.amenity.cz\/de\/produkt\/waermedecke-annehmlichkeit\/#primaryimage"},"image":{"@id":"https:\/\/eshop.amenity.cz\/de\/produkt\/waermedecke-annehmlichkeit\/#primaryimage"},"thumbnailUrl":"https:\/\/eshop.amenity.cz\/wp-content\/uploads\/sites\/11\/2020\/11\/Deka1.jpg","datePublished":"2020-11-17T22:12:15+00:00","dateModified":"2024-01-19T16:29:06+00:00","description":"Die Decken sind aus feinem Garn gestrickt und laden mit ihrer Gr\u00f6\u00dfe dazu ein, sich einzukuscheln und ein Buch zu lesen oder einen Film zu schauen.","breadcrumb":{"@id":"https:\/\/eshop.amenity.cz\/de\/produkt\/waermedecke-annehmlichkeit\/#breadcrumb"},"inLanguage":"de","potentialAction":[{"@type":"ReadAction","target":["https:\/\/eshop.amenity.cz\/de\/produkt\/waermedecke-annehmlichkeit\/"]}]},{"@type":"ImageObject","inLanguage":"de","@id":"https:\/\/eshop.amenity.cz\/de\/produkt\/waermedecke-annehmlichkeit\/#primaryimage","url":"https:\/\/eshop.amenity.cz\/wp-content\/uploads\/sites\/11\/2020\/11\/Deka1.jpg","contentUrl":"https:\/\/eshop.amenity.cz\/wp-content\/uploads\/sites\/11\/2020\/11\/Deka1.jpg","width":600,"height":800},{"@type":"BreadcrumbList","@id":"https:\/\/eshop.amenity.cz\/de\/produkt\/waermedecke-annehmlichkeit\/#breadcrumb","itemListElement":[{"@type":"ListItem","position":1,"name":"Dom\u016f","item":"https:\/\/eshop.amenity.cz\/de\/"},{"@type":"ListItem","position":2,"name":"Shop","item":"https:\/\/eshop.amenity.cz\/de\/shop\/"},{"@type":"ListItem","position":3,"name":"W\u00e4rmedecke Annehmlichkeit"}]},{"@type":"WebSite","@id":"https:\/\/eshop.amenity.cz\/de\/#website","url":"https:\/\/eshop.amenity.cz\/de\/","name":"E-shop Amenity Resorts s.r.o.","description":"Ofici\u00e1ln\u00ed e-shop Amenity Resorts s.r.o.","potentialAction":[{"@type":"SearchAction","target":{"@type":"EntryPoint","urlTemplate":"https:\/\/eshop.amenity.cz\/de\/?s={search_term_string}"},"query-input":{"@type":"PropertyValueSpecification","valueRequired":true,"valueName":"search_term_string"}}],"inLanguage":"de"}]}},"_links":{"self":[{"href":"https:\/\/eshop.amenity.cz\/de\/wp-json\/wp\/v2\/product\/261167","targetHints":{"allow":["GET"]}}],"collection":[{"href":"https:\/\/eshop.amenity.cz\/de\/wp-json\/wp\/v2\/product"}],"about":[{"href":"https:\/\/eshop.amenity.cz\/de\/wp-json\/wp\/v2\/types\/product"}],"wp:featuredmedia":[{"embeddable":true,"href":"https:\/\/eshop.amenity.cz\/de\/wp-json\/wp\/v2\/media\/260681"}],"wp:attachment":[{"href":"https:\/\/eshop.amenity.cz\/de\/wp-json\/wp\/v2\/media?parent=261167"}],"wp:term":[{"taxonomy":"product_brand","embeddable":true,"href":"https:\/\/eshop.amenity.cz\/de\/wp-json\/wp\/v2\/product_brand?post=261167"},{"taxonomy":"product_cat","embeddable":true,"href":"https:\/\/eshop.amenity.cz\/de\/wp-json\/wp\/v2\/product_cat?post=261167"},{"taxonomy":"product_tag","embeddable":true,"href":"https:\/\/eshop.amenity.cz\/de\/wp-json\/wp\/v2\/product_tag?post=261167"}],"curies":[{"name":"wp","href":"https:\/\/api.w.org\/{rel}","templated":true}]}}